{"id":14138,"date":"2024-10-28T10:51:43","date_gmt":"2024-10-28T09:51:43","guid":{"rendered":"https:\/\/be-energy.net\/?page_id=14138"},"modified":"2024-10-28T10:54:58","modified_gmt":"2024-10-28T09:54:58","slug":"be-news","status":"publish","type":"page","link":"https:\/\/be-energy.net\/en\/be-news\/","title":{"rendered":"Be News"},"content":{"rendered":"<p>[et_pb_section fb_built=&#8221;1&#8243; _builder_version=&#8221;4.16&#8243; _module_preset=&#8221;default&#8221; background_color=&#8221;#000000&#8243; custom_margin=&#8221;0px||0px||false|false&#8221; custom_padding=&#8221;0px||0px||false|false&#8221; animation_style=&#8221;slide&#8221; global_colors_info=&#8221;{}&#8221; locked=&#8221;off&#8221; theme_builder_area=&#8221;post_content&#8221;][et_pb_row column_structure=&#8221;3_5,2_5&#8243; use_custom_gutter=&#8221;on&#8221; gutter_width=&#8221;2&#8243; _builder_version=&#8221;4.24.0&#8243; _module_preset=&#8221;default&#8221; width=&#8221;100%&#8221; max_width=&#8221;1500px&#8221; custom_margin=&#8221;0px||0px||false|false&#8221; custom_padding=&#8221;0px||0px||false|false&#8221; global_colors_info=&#8221;{}&#8221; theme_builder_area=&#8221;post_content&#8221;][et_pb_column type=&#8221;3_5&#8243; _builder_version=&#8221;4.16&#8243; _module_preset=&#8221;default&#8221; background_color=&#8221;RGBA(255,255,255,0)&#8221; custom_padding=&#8221;0px|20px|0px|20px|false|false&#8221; global_colors_info=&#8221;{}&#8221; theme_builder_area=&#8221;post_content&#8221;][et_pb_text _builder_version=&#8221;4.24.0&#8243; _module_preset=&#8221;default&#8221; text_line_height=&#8221;1.9em&#8221; header_2_font=&#8221;Oswald||||||||&#8221; header_2_font_size=&#8221;42px&#8221; header_2_line_height=&#8221;1.4em&#8221; header_3_font=&#8221;Nunito|900|||||||&#8221; header_3_text_color=&#8221;#FFFFFF&#8221; header_3_font_size=&#8221;16px&#8221; header_4_font=&#8221;Oswald||||||||&#8221; header_4_text_color=&#8221;#E63328&#8243; header_4_font_size=&#8221;32px&#8221; background_color=&#8221;RGBA(255,255,255,0)&#8221; custom_margin=&#8221;||0px||false|false&#8221; custom_padding=&#8221;110px||||false|false&#8221; global_colors_info=&#8221;{}&#8221; theme_builder_area=&#8221;post_content&#8221;]<\/p>\n<h3>Centre de r\u00e9g\u00e9n\u00e9ration Be Energy<\/h3>\n<p>[\/et_pb_text][et_pb_text _builder_version=&#8221;4.24.0&#8243; _module_preset=&#8221;default&#8221; text_line_height=&#8221;1.9em&#8221; header_2_font=&#8221;Oswald||||||||&#8221; header_2_text_color=&#8221;#FFFFFF&#8221; header_2_font_size=&#8221;47px&#8221; header_2_line_height=&#8221;1.4em&#8221; header_4_font=&#8221;Oswald||||||||&#8221; header_4_text_color=&#8221;#E63328&#8243; header_4_font_size=&#8221;32px&#8221; background_color=&#8221;RGBA(255,255,255,0)&#8221; custom_margin=&#8221;0px||10px||false|false&#8221; custom_padding=&#8221;0px||||false|false&#8221; header_2_font_size_tablet=&#8221;47px&#8221; header_2_font_size_phone=&#8221;33px&#8221; header_2_font_size_last_edited=&#8221;on|phone&#8221; global_colors_info=&#8221;{}&#8221; theme_builder_area=&#8221;post_content&#8221;]<\/p>\n<h2> Centre Eco-Industriel Be Energy \u00e0 Avignon <\/h2>\n<p>[\/et_pb_text][et_pb_text _builder_version=&#8221;4.24.0&#8243; _module_preset=&#8221;default&#8221; text_line_height=&#8221;1.9em&#8221; header_2_font=&#8221;Oswald||||||||&#8221; header_2_font_size=&#8221;42px&#8221; header_2_line_height=&#8221;1.4em&#8221; header_3_font=&#8221;Nunito|700|||||||&#8221; header_3_text_color=&#8221;#FFFFFF&#8221; header_3_font_size=&#8221;25px&#8221; header_4_font=&#8221;Oswald||||||||&#8221; header_4_text_color=&#8221;#E63328&#8243; header_4_font_size=&#8221;32px&#8221; background_color=&#8221;RGBA(255,255,255,0)&#8221; custom_margin=&#8221;0px||||false|false&#8221; custom_padding=&#8221;0px||||false|false&#8221; global_colors_info=&#8221;{}&#8221; theme_builder_area=&#8221;post_content&#8221;]<\/p>\n<h3>R\u00e9g\u00e9n\u00e9ration de Batteries et d&#8217;Huiles, Vers une Economie Circulaire et Durable.<\/h3>\n<p>[\/et_pb_text][et_pb_divider color=&#8221;#E63328&#8243; divider_weight=&#8221;3px&#8221; _builder_version=&#8221;4.16&#8243; _module_preset=&#8221;default&#8221; width=&#8221;20%&#8221; custom_margin=&#8221;0px||-30px||false|false&#8221; custom_margin_tablet=&#8221;0px||-30px||false|false&#8221; custom_margin_phone=&#8221;0px||-30px||false|false&#8221; custom_margin_last_edited=&#8221;on|phone&#8221; custom_padding=&#8221;||0px||false|false&#8221; global_colors_info=&#8221;{}&#8221; theme_builder_area=&#8221;post_content&#8221;][\/et_pb_divider][\/et_pb_column][et_pb_column type=&#8221;2_5&#8243; _builder_version=&#8221;4.24.0&#8243; _module_preset=&#8221;default&#8221; background_color=&#8221;RGBA(255,255,255,0)&#8221; background_image=&#8221;https:\/\/be-energy.net\/wp-content\/uploads\/2024\/02\/centre-be-energy.webp&#8221; custom_padding=&#8221;170px|20px|170px|20px|false|false&#8221; global_colors_info=&#8221;{}&#8221; theme_builder_area=&#8221;post_content&#8221;][\/et_pb_column][\/et_pb_row][\/et_pb_section][et_pb_section fb_built=&#8221;1&#8243; theme_builder_area=&#8221;post_content&#8221; _builder_version=&#8221;4.27.2&#8243; _module_preset=&#8221;default&#8221;][et_pb_row _builder_version=&#8221;4.27.2&#8243; _module_preset=&#8221;default&#8221; column_structure=&#8221;3_4,1_4&#8243; theme_builder_area=&#8221;post_content&#8221; width=&#8221;100%&#8221; max_width=&#8221;1392px&#8221; hover_enabled=&#8221;0&#8243; sticky_enabled=&#8221;0&#8243;][et_pb_column _builder_version=&#8221;4.27.2&#8243; _module_preset=&#8221;default&#8221; type=&#8221;3_4&#8243; theme_builder_area=&#8221;post_content&#8221;][et_pb_text _builder_version=&#8221;4.27.2&#8243; _module_preset=&#8221;default&#8221; theme_builder_area=&#8221;post_content&#8221; hover_enabled=&#8221;0&#8243; sticky_enabled=&#8221;0&#8243;]<\/p>\n<p>Your content goes here. Edit or remove this text inline or in the module Content settings. You can also style every aspect of this content in the module Design settings and even apply custom CSS to this text in the module Advanced settings.<\/p>\n<p>[\/et_pb_text][\/et_pb_column][et_pb_column _builder_version=&#8221;4.27.2&#8243; _module_preset=&#8221;default&#8221; type=&#8221;1_4&#8243; theme_builder_area=&#8221;post_content&#8221;][et_pb_text _builder_version=&#8221;4.16&#8243; _module_preset=&#8221;default&#8221; text_font=&#8221;|800|||||||&#8221; text_text_color=&#8221;#E63328&#8243; text_font_size=&#8221;15px&#8221; text_line_height=&#8221;1.9em&#8221; header_2_font=&#8221;Oswald||||||||&#8221; header_2_font_size=&#8221;42px&#8221; header_2_line_height=&#8221;1.4em&#8221; header_3_font_size=&#8221;32px&#8221; header_4_font=&#8221;Oswald||||||||&#8221; header_4_text_color=&#8221;#E63328&#8243; header_4_font_size=&#8221;32px&#8221; background_color=&#8221;#f7f8fa&#8221; custom_margin=&#8221;0px||0px||false|false&#8221; custom_margin_tablet=&#8221;-20px||||false|false&#8221; custom_margin_phone=&#8221;-20px||||false|false&#8221; custom_margin_last_edited=&#8221;on|phone&#8221; custom_padding=&#8221;20px||0px|20px|false|false&#8221; border_width_top=&#8221;3px&#8221; global_colors_info=&#8221;{}&#8221; locked=&#8221;off&#8221; theme_builder_area=&#8221;post_content&#8221;]<\/p>\n<h3>Contactez-nous<\/h3>\n<p>[\/et_pb_text][\/et_pb_column][\/et_pb_row][\/et_pb_section]<\/p>\n","protected":false},"excerpt":{"rendered":"<p>Centre de r\u00e9g\u00e9n\u00e9ration Be Energy Centre Eco-Industriel Be Energy \u00e0 Avignon R\u00e9g\u00e9n\u00e9ration de Batteries et d&#8217;Huiles, Vers une Economie Circulaire et Durable.Your content goes here. Edit or remove this text inline or in the module Content settings. You can also style every aspect of this content in the module Design settings and even apply custom [&hellip;]<\/p>\n","protected":false},"author":1,"featured_media":0,"parent":0,"menu_order":0,"comment_status":"closed","ping_status":"closed","template":"","meta":{"_et_pb_use_builder":"on","_et_pb_old_content":"","_et_gb_content_width":"","footnotes":""},"folder":[],"class_list":["post-14138","page","type-page","status-publish","hentry"],"yoast_head":"<!-- This site is optimized with the Yoast SEO plugin v27.4 - https:\/\/yoast.com\/product\/yoast-seo-wordpress\/ -->\n<title>Be News - Be Energy<\/title>\n<meta name=\"robots\" content=\"index, follow, max-snippet:-1, max-image-preview:large, max-video-preview:-1\" \/>\n<link rel=\"canonical\" href=\"https:\/\/be-energy.net\/en\/be-news\/\" \/>\n<meta property=\"og:locale\" content=\"en_US\" \/>\n<meta property=\"og:type\" content=\"article\" \/>\n<meta property=\"og:title\" content=\"Be News - Be Energy\" \/>\n<meta property=\"og:description\" content=\"Regeneration specialist for batteries, oils and enginesWorld technological leader in the fields of battery, oil and engine regeneration.Be Energy, a key player in regenerationStemming from the desire to develop regeneration technologies in order to promote reusing rather than recycling industrial waste, Be Energy is involved since 2014 in regeneration processes that aim to: \u00a0 [&hellip;]\" \/>\n<meta property=\"og:url\" content=\"https:\/\/be-energy.net\/en\/be-news\/\" \/>\n<meta property=\"og:site_name\" content=\"Be Energy\" \/>\n<meta property=\"article:modified_time\" content=\"2024-10-28T09:54:58+00:00\" \/>\n<meta name=\"twitter:card\" content=\"summary_large_image\" \/>\n<script type=\"application\/ld+json\" class=\"yoast-schema-graph\">{\"@context\":\"https:\\\/\\\/schema.org\",\"@graph\":[{\"@type\":\"WebPage\",\"@id\":\"https:\\\/\\\/be-energy.net\\\/en\\\/be-news\\\/\",\"url\":\"https:\\\/\\\/be-energy.net\\\/en\\\/be-news\\\/\",\"name\":\"Be News - Be Energy\",\"isPartOf\":{\"@id\":\"https:\\\/\\\/be-energy.net\\\/en\\\/#website\"},\"datePublished\":\"2024-10-28T09:51:43+00:00\",\"dateModified\":\"2024-10-28T09:54:58+00:00\",\"breadcrumb\":{\"@id\":\"https:\\\/\\\/be-energy.net\\\/en\\\/be-news\\\/#breadcrumb\"},\"inLanguage\":\"en-US\",\"potentialAction\":[{\"@type\":\"ReadAction\",\"target\":[\"https:\\\/\\\/be-energy.net\\\/en\\\/be-news\\\/\"]}]},{\"@type\":\"BreadcrumbList\",\"@id\":\"https:\\\/\\\/be-energy.net\\\/en\\\/be-news\\\/#breadcrumb\",\"itemListElement\":[{\"@type\":\"ListItem\",\"position\":1,\"name\":\"Accueil\",\"item\":\"https:\\\/\\\/be-energy.net\\\/en\\\/\"},{\"@type\":\"ListItem\",\"position\":2,\"name\":\"Be News\"}]},{\"@type\":\"WebSite\",\"@id\":\"https:\\\/\\\/be-energy.net\\\/en\\\/#website\",\"url\":\"https:\\\/\\\/be-energy.net\\\/en\\\/\",\"name\":\"Be Energy\",\"description\":\"Be Energy We Are Regen\",\"publisher\":{\"@id\":\"https:\\\/\\\/be-energy.net\\\/en\\\/#organization\"},\"potentialAction\":[{\"@type\":\"SearchAction\",\"target\":{\"@type\":\"EntryPoint\",\"urlTemplate\":\"https:\\\/\\\/be-energy.net\\\/en\\\/?s={search_term_string}\"},\"query-input\":{\"@type\":\"PropertyValueSpecification\",\"valueRequired\":true,\"valueName\":\"search_term_string\"}}],\"inLanguage\":\"en-US\"},{\"@type\":\"Organization\",\"@id\":\"https:\\\/\\\/be-energy.net\\\/en\\\/#organization\",\"name\":\"Be Energy\",\"url\":\"https:\\\/\\\/be-energy.net\\\/en\\\/\",\"logo\":{\"@type\":\"ImageObject\",\"inLanguage\":\"en-US\",\"@id\":\"https:\\\/\\\/be-energy.net\\\/en\\\/#\\\/schema\\\/logo\\\/image\\\/\",\"url\":\"https:\\\/\\\/be-energy.net\\\/wp-content\\\/uploads\\\/2022\\\/03\\\/logo-be-energy.png\",\"contentUrl\":\"https:\\\/\\\/be-energy.net\\\/wp-content\\\/uploads\\\/2022\\\/03\\\/logo-be-energy.png\",\"width\":486,\"height\":207,\"caption\":\"Be Energy\"},\"image\":{\"@id\":\"https:\\\/\\\/be-energy.net\\\/en\\\/#\\\/schema\\\/logo\\\/image\\\/\"},\"sameAs\":[\"https:\\\/\\\/www.linkedin.com\\\/company\\\/batterie-plus-corporation\\\/\",\"https:\\\/\\\/www.youtube.com\\\/channel\\\/UCcm1bRembAAGU38G0aagyEQ\"]}]}<\/script>\n<!-- \/ Yoast SEO plugin. -->","yoast_head_json":{"title":"Be News - Be Energy","robots":{"index":"index","follow":"follow","max-snippet":"max-snippet:-1","max-image-preview":"max-image-preview:large","max-video-preview":"max-video-preview:-1"},"canonical":"https:\/\/be-energy.net\/en\/be-news\/","og_locale":"en_US","og_type":"article","og_title":"Be News - Be Energy","og_description":"Regeneration specialist for batteries, oils and enginesWorld technological leader in the fields of battery, oil and engine regeneration.Be Energy, a key player in regenerationStemming from the desire to develop regeneration technologies in order to promote reusing rather than recycling industrial waste, Be Energy is involved since 2014 in regeneration processes that aim to: \u00a0 [&hellip;]","og_url":"https:\/\/be-energy.net\/en\/be-news\/","og_site_name":"Be Energy","article_modified_time":"2024-10-28T09:54:58+00:00","twitter_card":"summary_large_image","schema":{"@context":"https:\/\/schema.org","@graph":[{"@type":"WebPage","@id":"https:\/\/be-energy.net\/en\/be-news\/","url":"https:\/\/be-energy.net\/en\/be-news\/","name":"Be News - Be Energy","isPartOf":{"@id":"https:\/\/be-energy.net\/en\/#website"},"datePublished":"2024-10-28T09:51:43+00:00","dateModified":"2024-10-28T09:54:58+00:00","breadcrumb":{"@id":"https:\/\/be-energy.net\/en\/be-news\/#breadcrumb"},"inLanguage":"en-US","potentialAction":[{"@type":"ReadAction","target":["https:\/\/be-energy.net\/en\/be-news\/"]}]},{"@type":"BreadcrumbList","@id":"https:\/\/be-energy.net\/en\/be-news\/#breadcrumb","itemListElement":[{"@type":"ListItem","position":1,"name":"Accueil","item":"https:\/\/be-energy.net\/en\/"},{"@type":"ListItem","position":2,"name":"Be News"}]},{"@type":"WebSite","@id":"https:\/\/be-energy.net\/en\/#website","url":"https:\/\/be-energy.net\/en\/","name":"Be Energy","description":"Be Energy We Are Regen","publisher":{"@id":"https:\/\/be-energy.net\/en\/#organization"},"potentialAction":[{"@type":"SearchAction","target":{"@type":"EntryPoint","urlTemplate":"https:\/\/be-energy.net\/en\/?s={search_term_string}"},"query-input":{"@type":"PropertyValueSpecification","valueRequired":true,"valueName":"search_term_string"}}],"inLanguage":"en-US"},{"@type":"Organization","@id":"https:\/\/be-energy.net\/en\/#organization","name":"Be Energy","url":"https:\/\/be-energy.net\/en\/","logo":{"@type":"ImageObject","inLanguage":"en-US","@id":"https:\/\/be-energy.net\/en\/#\/schema\/logo\/image\/","url":"https:\/\/be-energy.net\/wp-content\/uploads\/2022\/03\/logo-be-energy.png","contentUrl":"https:\/\/be-energy.net\/wp-content\/uploads\/2022\/03\/logo-be-energy.png","width":486,"height":207,"caption":"Be Energy"},"image":{"@id":"https:\/\/be-energy.net\/en\/#\/schema\/logo\/image\/"},"sameAs":["https:\/\/www.linkedin.com\/company\/batterie-plus-corporation\/","https:\/\/www.youtube.com\/channel\/UCcm1bRembAAGU38G0aagyEQ"]}]}},"_links":{"self":[{"href":"https:\/\/be-energy.net\/en\/wp-json\/wp\/v2\/pages\/14138","targetHints":{"allow":["GET"]}}],"collection":[{"href":"https:\/\/be-energy.net\/en\/wp-json\/wp\/v2\/pages"}],"about":[{"href":"https:\/\/be-energy.net\/en\/wp-json\/wp\/v2\/types\/page"}],"author":[{"embeddable":true,"href":"https:\/\/be-energy.net\/en\/wp-json\/wp\/v2\/users\/1"}],"replies":[{"embeddable":true,"href":"https:\/\/be-energy.net\/en\/wp-json\/wp\/v2\/comments?post=14138"}],"version-history":[{"count":0,"href":"https:\/\/be-energy.net\/en\/wp-json\/wp\/v2\/pages\/14138\/revisions"}],"wp:attachment":[{"href":"https:\/\/be-energy.net\/en\/wp-json\/wp\/v2\/media?parent=14138"}],"wp:term":[{"taxonomy":"folder","embeddable":true,"href":"https:\/\/be-energy.net\/en\/wp-json\/wp\/v2\/folder?post=14138"}],"curies":[{"name":"wp","href":"https:\/\/api.w.org\/{rel}","templated":true}]}}