{"id":12524,"date":"2022-03-04T10:20:42","date_gmt":"2022-03-04T09:20:42","guid":{"rendered":"https:\/\/be-energy.net\/politique-de-confidentialite\/"},"modified":"2026-01-08T16:32:49","modified_gmt":"2026-01-08T15:32:49","slug":"politique-de-confidentialite","status":"publish","type":"page","link":"https:\/\/be-energy.net\/en\/politique-de-confidentialite\/","title":{"rendered":"Privacy policy"},"content":{"rendered":"<p>[et_pb_section fb_built=&#8221;1&#8243; _builder_version=&#8221;4.16&#8243; global_colors_info=&#8221;{}&#8221;][et_pb_row _builder_version=&#8221;4.16&#8243; background_size=&#8221;initial&#8221; background_position=&#8221;top_left&#8221; background_repeat=&#8221;repeat&#8221; global_colors_info=&#8221;{}&#8221;][et_pb_column type=&#8221;4_4&#8243; _builder_version=&#8221;4.16&#8243; custom_padding=&#8221;|||&#8221; global_colors_info=&#8221;{}&#8221; custom_padding__hover=&#8221;|||&#8221;][et_pb_text _builder_version=&#8221;4.27.4&#8243; background_size=&#8221;initial&#8221; background_position=&#8221;top_left&#8221; background_repeat=&#8221;repeat&#8221; hover_enabled=&#8221;0&#8243; global_colors_info=&#8221;{}&#8221; sticky_enabled=&#8221;0&#8243;]<\/p>\n<h1>Privacy Policy<\/h1>\n<p style=\"text-align: justify;\"><strong><br \/>Who are we?<br \/><\/strong><\/p>\n<p><a href=\"https:\/\/be-energy.net\/en\/\" style=\"font-size: 14px;\">www.be-energy.net<\/a><span style=\"font-size: 14px;\">.<\/span><\/p>\n<p>Be Energy<br \/>7 All. des Bouleaux<br \/>84000 Avignon<br \/><a href=\"mailto:contact@be-energy.net\">contact@be-energy.net<\/a><\/p>\n<p style=\"text-align: justify;\"><strong><br \/>Comments<\/strong><\/p>\n<p style=\"text-align: justify;\"><span style=\"font-size: 14px;\">When you leave a comment on our site, the data entered in the comment form, as well as your IP address and your browser&#8217;s user agent, are collected to help us detect unwanted comments.<\/span><\/p>\n<p><span style=\"font-size: 14px;\">An anonymized string created from your email address (also called a hash) may be sent to the Gravatar service to check whether you are using it. The Gravatar service privacy policy is available here: https:\/\/automattic.com\/privacy\/. Once your comment has been approved, your profile picture will be publicly visible next to your comment.<\/span><\/p>\n<p style=\"text-align: justify;\"><strong>Media<\/strong><\/p>\n<p><span style=\"font-size: 14px;\">If you upload images to the site, we advise you to avoid uploading images containing EXIF GPS coordinate data. People visiting your site can download and extract location data from these images.<\/span><\/p>\n<p style=\"text-align: justify;\"><strong>Cookies<\/strong><\/p>\n<p><span style=\"font-size: 14px;\">If you leave a comment on our site, you will be asked to save your name, email address, and website in cookies. This is solely for your convenience so that you do not have to enter this information if you leave another comment later. These cookies expire after one year.<\/span><\/p>\n<p><span style=\"font-size: 14px;\">If you go to the login page, a temporary cookie will be created to determine whether your browser accepts cookies. It does not contain any personal data and will be deleted automatically when you close your browser.<\/span><\/p>\n<p><span style=\"font-size: 14px;\">When you log in, we will set up a number of cookies to record your login information and screen preferences. The lifetime of a login cookie is two days, and that of a screen option cookie is one year. If you check \u201cRemember me,\u201d your login cookie will be stored for two weeks. If you log out of your account, the login cookie will be deleted.<\/span><\/p>\n<p><span style=\"font-size: 14px;\">When you edit or publish a post, an additional cookie will be stored in your browser. This cookie does not contain any personal data. It simply indicates the ID of the post you have just edited. It expires after one day.<\/span><br \/><span style=\"font-size: 14px;\"><\/span><span style=\"font-size: 14px;\"><\/span><\/p>\n<p style=\"text-align: justify;\"><strong>Embedded content from other sites<\/strong><\/p>\n<p><span style=\"font-size: 14px;\">Articles on this site may include embedded content (e.g., videos, images, articles, etc.). Content embedded from other sites behaves in the same way as if the visitor were visiting that other site.<\/span><\/p>\n<p><span style=\"font-size: 14px;\">These websites may collect data about you, use cookies, embed third-party tracking tools, track your interactions with this embedded content if you have an account logged in to their website.<\/span><\/p>\n<p style=\"text-align: justify;\"><strong>Use and transmission of your personal data<\/strong><\/p>\n<p><span style=\"font-size: 14px;\">If you request a password reset, your IP address will be included in the reset email.<\/span><\/p>\n<p style=\"text-align: justify;\"><strong>How long we store your data<\/strong><\/p>\n<p><span style=\"font-size: 14px;\">If you leave a comment, the comment and its metadata are retained indefinitely. This allows us to automatically recognize and approve subsequent comments instead of leaving them in the moderation queue.<\/span><\/p>\n<p><span style=\"font-size: 14px;\">For accounts that register on our site (if applicable), we also store the personal data indicated in their profile. All accounts can view, modify, or delete their personal information at any time (except for their username). Site administrators can also view and modify this information.<\/span><\/p>\n<p style=\"text-align: justify;\"><strong>Your rights regarding your data<\/strong><\/p>\n<p><span style=\"font-size: 14px;\">If you have an account or have left comments on the site, you can request to receive a file containing all the personal data we hold about you, including the data you have provided to us. You can also request the deletion of your personal data. This does not include data stored for administrative, legal, or security purposes.<\/span><span style=\"color: #333333; font-size: 26px;\"><\/span><\/p>\n<p style=\"text-align: justify;\"><strong>Transmission of your personal data<\/strong><\/p>\n<p>Visitor comments may be checked using an automated spam detection service.<\/p>\n<p>&nbsp;<\/p>\n<p><!-- \/divi:paragraph --><\/p>\n<p>[\/et_pb_text][\/et_pb_column][\/et_pb_row][\/et_pb_section]<\/p>\n","protected":false},"excerpt":{"rendered":"<p>Privacy Policy Who are we? www.be-energy.net. Be Energy7 All. des Bouleaux84000 Avignoncontact@be-energy.net Comments When you leave a comment on our site, the data entered in the comment form, as well as your IP address and your browser&#8217;s user agent, are collected to help us detect unwanted comments. An anonymized string created from your email address [&hellip;]<\/p>\n","protected":false},"author":1,"featured_media":0,"parent":0,"menu_order":0,"comment_status":"closed","ping_status":"open","template":"","meta":{"_et_pb_use_builder":"on","_et_pb_old_content":"<!-- wp:heading -->\n<h2>Qui sommes-nous&nbsp;?<\/h2>\n<!-- \/wp:heading -->\n\n<!-- wp:paragraph -->\n<p>http:\/\/2022.be-energy.net.<\/p>\n<!-- \/wp:paragraph -->\n\n<!-- wp:paragraph -->\n<p>7 All. des Bouleaux, 84000 Avignon<\/p>\n<!-- \/wp:paragraph -->\n\n<!-- wp:heading -->\n<h2>Commentaires<\/h2>\n<!-- \/wp:heading -->\n\n<!-- wp:paragraph -->\n<p><strong class=\"privacy-policy-tutorial\">Texte sugg\u00e9r\u00e9&nbsp;: <\/strong>Quand vous laissez un commentaire sur notre site, les donn\u00e9es inscrites dans le formulaire de commentaire, ainsi que votre adresse IP et l\u2019agent utilisateur de votre navigateur sont collect\u00e9s pour nous aider \u00e0 la d\u00e9tection des commentaires ind\u00e9sirables.<\/p>\n<!-- \/wp:paragraph -->\n\n<!-- wp:paragraph -->\n<p>Une cha\u00eene anonymis\u00e9e cr\u00e9\u00e9e \u00e0 partir de votre adresse e-mail (\u00e9galement appel\u00e9e hash) peut \u00eatre envoy\u00e9e au service Gravatar pour v\u00e9rifier si vous utilisez ce dernier. Les clauses de confidentialit\u00e9 du service Gravatar sont disponibles ici&nbsp;: https:\/\/automattic.com\/privacy\/. Apr\u00e8s validation de votre commentaire, votre photo de profil sera visible publiquement \u00e0 cot\u00e9 de votre commentaire.<\/p>\n<!-- \/wp:paragraph -->\n\n<!-- wp:heading -->\n<h2>M\u00e9dias<\/h2>\n<!-- \/wp:heading -->\n\n<!-- wp:paragraph -->\n<p><strong class=\"privacy-policy-tutorial\">Texte sugg\u00e9r\u00e9&nbsp;: <\/strong>Si vous t\u00e9l\u00e9versez des images sur le site, nous vous conseillons d\u2019\u00e9viter de t\u00e9l\u00e9verser des images contenant des donn\u00e9es EXIF de coordonn\u00e9es GPS. Les personnes visitant votre site peuvent t\u00e9l\u00e9charger et extraire des donn\u00e9es de localisation depuis ces images.<\/p>\n<!-- \/wp:paragraph -->\n\n<!-- wp:heading -->\n<h2>Cookies<\/h2>\n<!-- \/wp:heading -->\n\n<!-- wp:paragraph -->\n<p><strong class=\"privacy-policy-tutorial\">Texte sugg\u00e9r\u00e9&nbsp;: <\/strong>Si vous d\u00e9posez un commentaire sur notre site, il vous sera propos\u00e9 d\u2019enregistrer votre nom, adresse e-mail et site dans des cookies. C\u2019est uniquement pour votre confort afin de ne pas avoir \u00e0 saisir ces informations si vous d\u00e9posez un autre commentaire plus tard. Ces cookies expirent au bout d\u2019un an.<\/p>\n<!-- \/wp:paragraph -->\n\n<!-- wp:paragraph -->\n<p>Si vous vous rendez sur la page de connexion, un cookie temporaire sera cr\u00e9\u00e9 afin de d\u00e9terminer si votre navigateur accepte les cookies. Il ne contient pas de donn\u00e9es personnelles et sera supprim\u00e9 automatiquement \u00e0 la fermeture de votre navigateur.<\/p>\n<!-- \/wp:paragraph -->\n\n<!-- wp:paragraph -->\n<p>Lorsque vous vous connecterez, nous mettrons en place un certain nombre de cookies pour enregistrer vos informations de connexion et vos pr\u00e9f\u00e9rences d\u2019\u00e9cran. La dur\u00e9e de vie d\u2019un cookie de connexion est de deux jours, celle d\u2019un cookie d\u2019option d\u2019\u00e9cran est d\u2019un an. Si vous cochez \u00ab&nbsp;Se souvenir de moi&nbsp;\u00bb, votre cookie de connexion sera conserv\u00e9 pendant deux semaines. Si vous vous d\u00e9connectez de votre compte, le cookie de connexion sera effac\u00e9.<\/p>\n<!-- \/wp:paragraph -->\n\n<!-- wp:paragraph -->\n<p>En modifiant ou en publiant une publication, un cookie suppl\u00e9mentaire sera enregistr\u00e9 dans votre navigateur. Ce cookie ne comprend aucune donn\u00e9e personnelle. Il indique simplement l\u2019ID de la publication que vous venez de modifier. Il expire au bout d\u2019un jour.<\/p>\n<!-- \/wp:paragraph -->\n\n<!-- wp:heading -->\n<h2>Contenu embarqu\u00e9 depuis d\u2019autres sites<\/h2>\n<!-- \/wp:heading -->\n\n<!-- wp:paragraph -->\n<p><strong class=\"privacy-policy-tutorial\">Texte sugg\u00e9r\u00e9&nbsp;: <\/strong>Les articles de ce site peuvent inclure des contenus int\u00e9gr\u00e9s (par exemple des vid\u00e9os, images, articles\u2026). Le contenu int\u00e9gr\u00e9 depuis d\u2019autres sites se comporte de la m\u00eame mani\u00e8re que si le visiteur se rendait sur cet autre site.<\/p>\n<!-- \/wp:paragraph -->\n\n<!-- wp:paragraph -->\n<p>Ces sites web pourraient collecter des donn\u00e9es sur vous, utiliser des cookies, embarquer des outils de suivis tiers, suivre vos interactions avec ces contenus embarqu\u00e9s si vous disposez d\u2019un compte connect\u00e9 sur leur site web.<\/p>\n<!-- \/wp:paragraph -->\n\n<!-- wp:heading -->\n<h2>Utilisation et transmission de vos donn\u00e9es personnelles<\/h2>\n<!-- \/wp:heading -->\n\n<!-- wp:paragraph -->\n<p><strong class=\"privacy-policy-tutorial\">Texte sugg\u00e9r\u00e9&nbsp;: <\/strong>Si vous demandez une r\u00e9initialisation de votre mot de passe, votre adresse IP sera incluse dans l\u2019e-mail de r\u00e9initialisation.<\/p>\n<!-- \/wp:paragraph -->\n\n<!-- wp:heading -->\n<h2>Dur\u00e9es de stockage de vos donn\u00e9es<\/h2>\n<!-- \/wp:heading -->\n\n<!-- wp:paragraph -->\n<p><strong class=\"privacy-policy-tutorial\">Texte sugg\u00e9r\u00e9&nbsp;: <\/strong>Si vous laissez un commentaire, le commentaire et ses m\u00e9tadonn\u00e9es sont conserv\u00e9s ind\u00e9finiment. Cela permet de reconna\u00eetre et approuver automatiquement les commentaires suivants au lieu de les laisser dans la file de mod\u00e9ration.<\/p>\n<!-- \/wp:paragraph -->\n\n<!-- wp:paragraph -->\n<p>Pour les comptes qui s\u2019inscrivent sur notre site (le cas \u00e9ch\u00e9ant), nous stockons \u00e9galement les donn\u00e9es personnelles indiqu\u00e9es dans leur profil. Tous les comptes peuvent voir, modifier ou supprimer leurs informations personnelles \u00e0 tout moment (\u00e0 l\u2019exception de leur identifiant). Les gestionnaires du site peuvent aussi voir et modifier ces informations.<\/p>\n<!-- \/wp:paragraph -->\n\n<!-- wp:heading -->\n<h2>Les droits que vous avez sur vos donn\u00e9es<\/h2>\n<!-- \/wp:heading -->\n\n<!-- wp:paragraph -->\n<p><strong class=\"privacy-policy-tutorial\">Texte sugg\u00e9r\u00e9&nbsp;: <\/strong>Si vous avez un compte ou si vous avez laiss\u00e9 des commentaires sur le site, vous pouvez demander \u00e0 recevoir un fichier contenant toutes les donn\u00e9es personnelles que nous poss\u00e9dons \u00e0 votre sujet, incluant celles que vous nous avez fournies. Vous pouvez \u00e9galement demander la suppression des donn\u00e9es personnelles vous concernant. Cela ne prend pas en compte les donn\u00e9es stock\u00e9es \u00e0 des fins administratives, l\u00e9gales ou pour des raisons de s\u00e9curit\u00e9.<\/p>\n<!-- \/wp:paragraph -->\n\n<!-- wp:heading -->\n<h2>Transmission de vos donn\u00e9es personnelles<\/h2>\n<!-- \/wp:heading -->\n\n<!-- wp:paragraph -->\n<p><strong class=\"privacy-policy-tutorial\">Texte sugg\u00e9r\u00e9&nbsp;: <\/strong>Les commentaires des visiteurs peuvent \u00eatre v\u00e9rifi\u00e9s \u00e0 l\u2019aide d\u2019un service automatis\u00e9 de d\u00e9tection des commentaires ind\u00e9sirables.<\/p>\n<!-- \/wp:paragraph -->","_et_gb_content_width":"","footnotes":""},"folder":[],"class_list":["post-12524","page","type-page","status-publish","hentry"],"yoast_head":"<!-- This site is optimized with the Yoast SEO plugin v27.3 - https:\/\/yoast.com\/product\/yoast-seo-wordpress\/ -->\n<title>Privacy policy - Be Energy<\/title>\n<meta name=\"robots\" content=\"index, follow, max-snippet:-1, max-image-preview:large, max-video-preview:-1\" \/>\n<link rel=\"canonical\" href=\"https:\/\/be-energy.net\/en\/politique-de-confidentialite\/\" \/>\n<meta property=\"og:locale\" content=\"en_US\" \/>\n<meta property=\"og:type\" content=\"article\" \/>\n<meta property=\"og:title\" content=\"Privacy policy - Be Energy\" \/>\n<meta property=\"og:description\" content=\"Regeneration specialist for batteries, oils and enginesWorld technological leader in the fields of battery, oil and engine regeneration.Be Energy, a key player in regenerationStemming from the desire to develop regeneration technologies in order to promote reusing rather than recycling industrial waste, Be Energy is involved since 2014 in regeneration processes that aim to: \u00a0 [&hellip;]\" \/>\n<meta property=\"og:url\" content=\"https:\/\/be-energy.net\/en\/politique-de-confidentialite\/\" \/>\n<meta property=\"og:site_name\" content=\"Be Energy\" \/>\n<meta property=\"article:modified_time\" content=\"2026-01-08T15:32:49+00:00\" \/>\n<meta name=\"twitter:card\" content=\"summary_large_image\" \/>\n<meta name=\"twitter:label1\" content=\"Est. reading time\" \/>\n\t<meta name=\"twitter:data1\" content=\"4 minutes\" \/>\n<script type=\"application\/ld+json\" class=\"yoast-schema-graph\">{\"@context\":\"https:\\\/\\\/schema.org\",\"@graph\":[{\"@type\":\"WebPage\",\"@id\":\"https:\\\/\\\/be-energy.net\\\/en\\\/politique-de-confidentialite\\\/\",\"url\":\"https:\\\/\\\/be-energy.net\\\/en\\\/politique-de-confidentialite\\\/\",\"name\":\"Privacy policy - Be Energy\",\"isPartOf\":{\"@id\":\"https:\\\/\\\/be-energy.net\\\/en\\\/#website\"},\"datePublished\":\"2022-03-04T09:20:42+00:00\",\"dateModified\":\"2026-01-08T15:32:49+00:00\",\"breadcrumb\":{\"@id\":\"https:\\\/\\\/be-energy.net\\\/en\\\/politique-de-confidentialite\\\/#breadcrumb\"},\"inLanguage\":\"en-US\",\"potentialAction\":[{\"@type\":\"ReadAction\",\"target\":[\"https:\\\/\\\/be-energy.net\\\/en\\\/politique-de-confidentialite\\\/\"]}]},{\"@type\":\"BreadcrumbList\",\"@id\":\"https:\\\/\\\/be-energy.net\\\/en\\\/politique-de-confidentialite\\\/#breadcrumb\",\"itemListElement\":[{\"@type\":\"ListItem\",\"position\":1,\"name\":\"Accueil\",\"item\":\"https:\\\/\\\/be-energy.net\\\/en\\\/\"},{\"@type\":\"ListItem\",\"position\":2,\"name\":\"Privacy policy\"}]},{\"@type\":\"WebSite\",\"@id\":\"https:\\\/\\\/be-energy.net\\\/en\\\/#website\",\"url\":\"https:\\\/\\\/be-energy.net\\\/en\\\/\",\"name\":\"Be Energy\",\"description\":\"Be Energy We Are Regen\",\"publisher\":{\"@id\":\"https:\\\/\\\/be-energy.net\\\/en\\\/#organization\"},\"potentialAction\":[{\"@type\":\"SearchAction\",\"target\":{\"@type\":\"EntryPoint\",\"urlTemplate\":\"https:\\\/\\\/be-energy.net\\\/en\\\/?s={search_term_string}\"},\"query-input\":{\"@type\":\"PropertyValueSpecification\",\"valueRequired\":true,\"valueName\":\"search_term_string\"}}],\"inLanguage\":\"en-US\"},{\"@type\":\"Organization\",\"@id\":\"https:\\\/\\\/be-energy.net\\\/en\\\/#organization\",\"name\":\"Be Energy\",\"url\":\"https:\\\/\\\/be-energy.net\\\/en\\\/\",\"logo\":{\"@type\":\"ImageObject\",\"inLanguage\":\"en-US\",\"@id\":\"https:\\\/\\\/be-energy.net\\\/en\\\/#\\\/schema\\\/logo\\\/image\\\/\",\"url\":\"https:\\\/\\\/be-energy.net\\\/wp-content\\\/uploads\\\/2022\\\/03\\\/logo-be-energy.png\",\"contentUrl\":\"https:\\\/\\\/be-energy.net\\\/wp-content\\\/uploads\\\/2022\\\/03\\\/logo-be-energy.png\",\"width\":486,\"height\":207,\"caption\":\"Be Energy\"},\"image\":{\"@id\":\"https:\\\/\\\/be-energy.net\\\/en\\\/#\\\/schema\\\/logo\\\/image\\\/\"},\"sameAs\":[\"https:\\\/\\\/www.linkedin.com\\\/company\\\/batterie-plus-corporation\\\/\",\"https:\\\/\\\/www.youtube.com\\\/channel\\\/UCcm1bRembAAGU38G0aagyEQ\"]}]}<\/script>\n<!-- \/ Yoast SEO plugin. -->","yoast_head_json":{"title":"Privacy policy - Be Energy","robots":{"index":"index","follow":"follow","max-snippet":"max-snippet:-1","max-image-preview":"max-image-preview:large","max-video-preview":"max-video-preview:-1"},"canonical":"https:\/\/be-energy.net\/en\/politique-de-confidentialite\/","og_locale":"en_US","og_type":"article","og_title":"Privacy policy - Be Energy","og_description":"Regeneration specialist for batteries, oils and enginesWorld technological leader in the fields of battery, oil and engine regeneration.Be Energy, a key player in regenerationStemming from the desire to develop regeneration technologies in order to promote reusing rather than recycling industrial waste, Be Energy is involved since 2014 in regeneration processes that aim to: \u00a0 [&hellip;]","og_url":"https:\/\/be-energy.net\/en\/politique-de-confidentialite\/","og_site_name":"Be Energy","article_modified_time":"2026-01-08T15:32:49+00:00","twitter_card":"summary_large_image","twitter_misc":{"Est. reading time":"4 minutes"},"schema":{"@context":"https:\/\/schema.org","@graph":[{"@type":"WebPage","@id":"https:\/\/be-energy.net\/en\/politique-de-confidentialite\/","url":"https:\/\/be-energy.net\/en\/politique-de-confidentialite\/","name":"Privacy policy - Be Energy","isPartOf":{"@id":"https:\/\/be-energy.net\/en\/#website"},"datePublished":"2022-03-04T09:20:42+00:00","dateModified":"2026-01-08T15:32:49+00:00","breadcrumb":{"@id":"https:\/\/be-energy.net\/en\/politique-de-confidentialite\/#breadcrumb"},"inLanguage":"en-US","potentialAction":[{"@type":"ReadAction","target":["https:\/\/be-energy.net\/en\/politique-de-confidentialite\/"]}]},{"@type":"BreadcrumbList","@id":"https:\/\/be-energy.net\/en\/politique-de-confidentialite\/#breadcrumb","itemListElement":[{"@type":"ListItem","position":1,"name":"Accueil","item":"https:\/\/be-energy.net\/en\/"},{"@type":"ListItem","position":2,"name":"Privacy policy"}]},{"@type":"WebSite","@id":"https:\/\/be-energy.net\/en\/#website","url":"https:\/\/be-energy.net\/en\/","name":"Be Energy","description":"Be Energy We Are Regen","publisher":{"@id":"https:\/\/be-energy.net\/en\/#organization"},"potentialAction":[{"@type":"SearchAction","target":{"@type":"EntryPoint","urlTemplate":"https:\/\/be-energy.net\/en\/?s={search_term_string}"},"query-input":{"@type":"PropertyValueSpecification","valueRequired":true,"valueName":"search_term_string"}}],"inLanguage":"en-US"},{"@type":"Organization","@id":"https:\/\/be-energy.net\/en\/#organization","name":"Be Energy","url":"https:\/\/be-energy.net\/en\/","logo":{"@type":"ImageObject","inLanguage":"en-US","@id":"https:\/\/be-energy.net\/en\/#\/schema\/logo\/image\/","url":"https:\/\/be-energy.net\/wp-content\/uploads\/2022\/03\/logo-be-energy.png","contentUrl":"https:\/\/be-energy.net\/wp-content\/uploads\/2022\/03\/logo-be-energy.png","width":486,"height":207,"caption":"Be Energy"},"image":{"@id":"https:\/\/be-energy.net\/en\/#\/schema\/logo\/image\/"},"sameAs":["https:\/\/www.linkedin.com\/company\/batterie-plus-corporation\/","https:\/\/www.youtube.com\/channel\/UCcm1bRembAAGU38G0aagyEQ"]}]}},"_links":{"self":[{"href":"https:\/\/be-energy.net\/en\/wp-json\/wp\/v2\/pages\/12524","targetHints":{"allow":["GET"]}}],"collection":[{"href":"https:\/\/be-energy.net\/en\/wp-json\/wp\/v2\/pages"}],"about":[{"href":"https:\/\/be-energy.net\/en\/wp-json\/wp\/v2\/types\/page"}],"author":[{"embeddable":true,"href":"https:\/\/be-energy.net\/en\/wp-json\/wp\/v2\/users\/1"}],"replies":[{"embeddable":true,"href":"https:\/\/be-energy.net\/en\/wp-json\/wp\/v2\/comments?post=12524"}],"version-history":[{"count":2,"href":"https:\/\/be-energy.net\/en\/wp-json\/wp\/v2\/pages\/12524\/revisions"}],"predecessor-version":[{"id":17707,"href":"https:\/\/be-energy.net\/en\/wp-json\/wp\/v2\/pages\/12524\/revisions\/17707"}],"wp:attachment":[{"href":"https:\/\/be-energy.net\/en\/wp-json\/wp\/v2\/media?parent=12524"}],"wp:term":[{"taxonomy":"folder","embeddable":true,"href":"https:\/\/be-energy.net\/en\/wp-json\/wp\/v2\/folder?post=12524"}],"curies":[{"name":"wp","href":"https:\/\/api.w.org\/{rel}","templated":true}]}}